{"id":1514,"date":"2018-07-16T09:03:51","date_gmt":"2018-07-16T09:03:51","guid":{"rendered":"http:\/\/demo.wpautolistings.com\/?page_id=1514"},"modified":"2022-08-04T17:52:46","modified_gmt":"2022-08-04T17:52:46","slug":"about","status":"publish","type":"page","link":"https:\/\/automovilesgp.es\/index.php\/about\/","title":{"rendered":"\u00bfQui\u00e9nes somos?"},"content":{"rendered":"<p>Autom\u00f3viles Garc\u00eda P\u00e9rez s.l somos una empresa familiar , fundada en 1970 , desde nuestros principios la atenci\u00f3n personalizada y el buen trato hacia nuestros clientes y amigos nos ha hecho perdurar en el tiempo y seguir ofreciendo nuestros veh\u00edculos de Ocasi\u00f3n con la mayor calidad y fiabilidad del mercado gracias a la experiencia de tantos a\u00f1os y gracias a la confianza de nuestros clientes a los que siempre nos han recomendado a familiares y amigos siendo de gran ayuda en los tiempos dif\u00edciles , inmenso agradecimiento , es la fuente de inspiraci\u00f3n para seguir haciendo nuestro trabajo con humildad y profesionalidad , su satisfacci\u00f3n por la compra y el trato recibido es nuestro principal objetivo.<\/p>\n<h2><strong>Nuestra visi\u00f3n<\/strong><\/h2>\n<p>Lo principal que te guste , d\u00e9jate aconsejar y ante cualquier duda o contratiempo quedate tranquilo siempre estaremos ah\u00ed para hac\u00e9rtelo todo m\u00e1s f\u00e1cil . Estamos siempre a tu disposici\u00f3n.<\/p>\n","protected":false},"excerpt":{"rendered":"<p>Autom\u00f3viles Garc\u00eda P\u00e9rez s.l somos una empresa familiar , fundada en 1970 , desde nuestros principios la atenci\u00f3n personalizada y el buen trato hacia nuestros clientes y amigos nos ha hecho perdurar en el tiempo y seguir ofreciendo nuestros veh\u00edculos de Ocasi\u00f3n con la mayor calidad y fiabilidad del mercado&hellip; <\/p>\n<p class=\"link-more\"><a href=\"https:\/\/automovilesgp.es\/index.php\/about\/\" class=\"more-link\">Read More<span class=\"screen-reader-text\">\u00bfQui\u00e9nes somos?<\/span><\/a><\/p>\n","protected":false},"author":1,"featured_media":0,"parent":0,"menu_order":0,"comment_status":"closed","ping_status":"closed","template":"","meta":{"footnotes":""},"tags":[],"jetpack_sharing_enabled":true,"_links":{"self":[{"href":"https:\/\/automovilesgp.es\/index.php\/wp-json\/wp\/v2\/pages\/1514"}],"collection":[{"href":"https:\/\/automovilesgp.es\/index.php\/wp-json\/wp\/v2\/pages"}],"about":[{"href":"https:\/\/automovilesgp.es\/index.php\/wp-json\/wp\/v2\/types\/page"}],"author":[{"embeddable":true,"href":"https:\/\/automovilesgp.es\/index.php\/wp-json\/wp\/v2\/users\/1"}],"replies":[{"embeddable":true,"href":"https:\/\/automovilesgp.es\/index.php\/wp-json\/wp\/v2\/comments?post=1514"}],"version-history":[{"count":2,"href":"https:\/\/automovilesgp.es\/index.php\/wp-json\/wp\/v2\/pages\/1514\/revisions"}],"predecessor-version":[{"id":1767,"href":"https:\/\/automovilesgp.es\/index.php\/wp-json\/wp\/v2\/pages\/1514\/revisions\/1767"}],"wp:attachment":[{"href":"https:\/\/automovilesgp.es\/index.php\/wp-json\/wp\/v2\/media?parent=1514"}],"wp:term":[{"taxonomy":"post_tag","embeddable":true,"href":"https:\/\/automovilesgp.es\/index.php\/wp-json\/wp\/v2\/tags?post=1514"}],"curies":[{"name":"wp","href":"https:\/\/api.w.org\/{rel}","templated":true}]}}